{"id":142,"date":"2016-06-28T19:41:40","date_gmt":"2016-06-28T17:41:40","guid":{"rendered":"http:\/\/easyvallarta.altervista.org\/?page_id=142"},"modified":"2023-07-09T13:53:31","modified_gmt":"2023-07-09T11:53:31","slug":"promozioni","status":"publish","type":"page","link":"https:\/\/www.igeranibb.it\/es\/promozioni\/","title":{"rendered":"Promozioni"},"content":{"rendered":"<p><\/p>\n<h1 class=\"titolo\" align=\"center\"><span style=\"color: #008000;\">PROMOZIONI\/OFFERTE ATTUALI<\/span><\/h1>\n<div id=\"corpo\">\n<div dir=\"ltr\">\n<div style=\"font-size: small; text-decoration: none; font-family: 'Calibri'; font-weight: normal; color: #000000; font-style: normal; display: inline;\">\n<div dir=\"ltr\">\n<div style=\"font-size: small; text-decoration: none; font-family: 'Calibri'; font-weight: normal; color: #000000; font-style: normal; display: inline;\">\n<div dir=\"ltr\">\n<p><span style=\"color: #ff0000;\"><strong>OFERTA HABITACI\u00d3N DOBLE (2 px) con ba\u00f1o privado, desayuno y wifi, impuesto tur\u00edstico y aire acondicionado<\/strong><\/span><\/p>\n<p><strong>JULIO<\/strong><br \/>\n1\/5 de julio, 4 noches por 264 \u20ac con balc\u00f3n.<br \/>\n2\/6 de julio, 4 noches por 264 \u20ac.<br \/>\n7\/15 de julio, 8 noches 528 \u20ac.<br \/>\n6\/18 de julio, 12 noches por 726 \u20ac.<br \/>\n8\/18 de julio, 10 noches por \u20ac 680 balc\u00f3n.<br \/>\n4\/18 de julio, 14 noches \u20ac 910.<br \/>\n22\/31 de julio, 9 noches por 614 \u20ac con balc\u00f3n.<br \/>\n24\/30 de julio, 6 noches a 420 \u20ac.<br \/>\n24 \/ 7-3 \/ 8, 10 noches por \u20ac 700<br \/>\n24 \/ 7-7 \/ 8, 14 noches por \u20ac 980<br \/>\n<strong>AGOSTO<\/strong><br \/>\n1\/7 de agosto, 6 noches por 444 \u20ac con balc\u00f3n.<br \/>\n1\/11 de agosto, 10 noches por 740 \u20ac.<br \/>\n3\/11 agosto, 8 noches \u20ac 592<br \/>\n7\/19 agosto, 12 d\u00edas a 960 \u20ac.<br \/>\n8\/12 agosto, 4 d\u00edas por 296 \u20ac.<br \/>\n23\/25 de agosto, 2 noches por 150 \u20ac con balc\u00f3n.<br \/>\n8\/28 &#8211; 1\/9, 5 noches por \u20ac 350 -&gt; 2 habitaciones<br \/>\n8\/28 &#8211; 8\/9, 12 noches por \u20ac 756 con balc\u00f3n<br \/>\n<strong>SEPTIEMBRE<\/strong>\u00a0a \u20ac 58 por noche.<br \/>\nA petici\u00f3n desayuno para peque\u00f1as intolerancias o para desayunos salados.<br \/>\nM\u00e1ximo 3 camas x habitaci\u00f3n con cama supletoria (2 adultos + 1 ni\u00f1o &#8211; 3er adulto + 6 \u20ac)<br \/>\nhttps:\/\/iun.gov.it\/E48133<\/p>\n<\/div>\n<\/div>\n<\/div>\n<\/div>\n<\/div>\n<\/div>\n<p><\/p>","protected":false},"excerpt":{"rendered":"<p>PROMOZIONI\/OFFERTE ATTUALI OFERTA HABITACI\u00d3N DOBLE (2 px) con ba\u00f1o privado, desayuno y wifi, impuesto tur\u00edstico y aire acondicionado JULIO 1\/5 de julio, 4 noches por 264 \u20ac con balc\u00f3n. 2\/6 de julio, 4 noches por 264 \u20ac. 7\/15 de julio,<\/p>\n","protected":false},"author":1,"featured_media":0,"parent":0,"menu_order":0,"comment_status":"closed","ping_status":"closed","template":"","meta":[],"yoast_head":"<!-- This site is optimized with the Yoast SEO plugin v19.0 - https:\/\/yoast.com\/wordpress\/plugins\/seo\/ -->\r\n<title>Promozioni - I Gerani Bed and Breakfast<\/title>\r\n<meta name=\"robots\" content=\"index, follow, max-snippet:-1, max-image-preview:large, max-video-preview:-1\" \/>\r\n<link rel=\"canonical\" href=\"https:\/\/www.igeranibb.it\/es\/promozioni\/\" \/>\r\n<meta property=\"og:locale\" content=\"es_ES\" \/>\r\n<meta property=\"og:type\" content=\"article\" \/>\r\n<meta property=\"og:title\" content=\"Promozioni - I Gerani Bed and Breakfast\" \/>\r\n<meta property=\"og:description\" content=\"PROMOZIONI\/OFFERTE ATTUALI OFERTA HABITACI\u00d3N DOBLE (2 px) con ba\u00f1o privado, desayuno y wifi, impuesto tur\u00edstico y aire acondicionado JULIO 1\/5 de julio, 4 noches por 264 \u20ac con balc\u00f3n. 2\/6 de julio, 4 noches por 264 \u20ac. 7\/15 de julio,\" \/>\r\n<meta property=\"og:url\" content=\"https:\/\/www.igeranibb.it\/es\/promozioni\/\" \/>\r\n<meta property=\"og:site_name\" content=\"I Gerani Bed and Breakfast\" \/>\r\n<meta property=\"article:publisher\" content=\"https:\/\/www.facebook.com\/BB-I-GERANI-di-Posada-Sardegna-142974362460558\/?fref=ts\" \/>\r\n<meta property=\"article:modified_time\" content=\"2023-07-09T11:53:31+00:00\" \/>\r\n<meta property=\"og:image\" content=\"http:\/\/www.igeranibb.it\/public\/wp-content\/uploads\/2016\/06\/1a_beb1.jpg\" \/>\r\n<meta name=\"twitter:card\" content=\"summary\" \/>\r\n<meta name=\"twitter:label1\" content=\"Tiempo de lectura\" \/>\n\t<meta name=\"twitter:data1\" content=\"1 minuto\" \/>\r\n<script type=\"application\/ld+json\" class=\"yoast-schema-graph\">{\"@context\":\"https:\/\/schema.org\",\"@graph\":[{\"@type\":\"WebSite\",\"@id\":\"https:\/\/www.igeranibb.it\/es\/#website\",\"url\":\"https:\/\/www.igeranibb.it\/es\/\",\"name\":\"I Gerani Bed and Breakfast\",\"description\":\"\",\"potentialAction\":[{\"@type\":\"SearchAction\",\"target\":{\"@type\":\"EntryPoint\",\"urlTemplate\":\"https:\/\/www.igeranibb.it\/es\/?s={search_term_string}\"},\"query-input\":\"required name=search_term_string\"}],\"inLanguage\":\"es\"},{\"@type\":\"WebPage\",\"@id\":\"https:\/\/www.igeranibb.it\/es\/promozioni\/#webpage\",\"url\":\"https:\/\/www.igeranibb.it\/es\/promozioni\/\",\"name\":\"Promozioni - I Gerani Bed and Breakfast\",\"isPartOf\":{\"@id\":\"https:\/\/www.igeranibb.it\/es\/#website\"},\"datePublished\":\"2016-06-28T17:41:40+00:00\",\"dateModified\":\"2023-07-09T11:53:31+00:00\",\"breadcrumb\":{\"@id\":\"https:\/\/www.igeranibb.it\/es\/promozioni\/#breadcrumb\"},\"inLanguage\":\"es\",\"potentialAction\":[{\"@type\":\"ReadAction\",\"target\":[[\"https:\/\/www.igeranibb.it\/es\/promozioni\/\"]]}]},{\"@type\":\"BreadcrumbList\",\"@id\":\"https:\/\/www.igeranibb.it\/es\/promozioni\/#breadcrumb\",\"itemListElement\":[{\"@type\":\"ListItem\",\"position\":1,\"name\":\"Home\",\"item\":\"https:\/\/www.igeranibb.it\/es\/\"},{\"@type\":\"ListItem\",\"position\":2,\"name\":\"Promozioni\"}]}]}<\/script>\r\n<!-- \/ Yoast SEO plugin. -->","yoast_head_json":{"title":"Promozioni - I Gerani Bed and Breakfast","robots":{"index":"index","follow":"follow","max-snippet":"max-snippet:-1","max-image-preview":"max-image-preview:large","max-video-preview":"max-video-preview:-1"},"canonical":"https:\/\/www.igeranibb.it\/es\/promozioni\/","og_locale":"es_ES","og_type":"article","og_title":"Promozioni - I Gerani Bed and Breakfast","og_description":"PROMOZIONI\/OFFERTE ATTUALI OFERTA HABITACI\u00d3N DOBLE (2 px) con ba\u00f1o privado, desayuno y wifi, impuesto tur\u00edstico y aire acondicionado JULIO 1\/5 de julio, 4 noches por 264 \u20ac con balc\u00f3n. 2\/6 de julio, 4 noches por 264 \u20ac. 7\/15 de julio,","og_url":"https:\/\/www.igeranibb.it\/es\/promozioni\/","og_site_name":"I Gerani Bed and Breakfast","article_publisher":"https:\/\/www.facebook.com\/BB-I-GERANI-di-Posada-Sardegna-142974362460558\/?fref=ts","article_modified_time":"2023-07-09T11:53:31+00:00","og_image":[{"url":"http:\/\/www.igeranibb.it\/public\/wp-content\/uploads\/2016\/06\/1a_beb1.jpg"}],"twitter_card":"summary","twitter_misc":{"Tiempo de lectura":"1 minuto"},"schema":{"@context":"https:\/\/schema.org","@graph":[{"@type":"WebSite","@id":"https:\/\/www.igeranibb.it\/es\/#website","url":"https:\/\/www.igeranibb.it\/es\/","name":"I Gerani Bed and Breakfast","description":"","potentialAction":[{"@type":"SearchAction","target":{"@type":"EntryPoint","urlTemplate":"https:\/\/www.igeranibb.it\/es\/?s={search_term_string}"},"query-input":"required name=search_term_string"}],"inLanguage":"es"},{"@type":"WebPage","@id":"https:\/\/www.igeranibb.it\/es\/promozioni\/#webpage","url":"https:\/\/www.igeranibb.it\/es\/promozioni\/","name":"Promozioni - I Gerani Bed and Breakfast","isPartOf":{"@id":"https:\/\/www.igeranibb.it\/es\/#website"},"datePublished":"2016-06-28T17:41:40+00:00","dateModified":"2023-07-09T11:53:31+00:00","breadcrumb":{"@id":"https:\/\/www.igeranibb.it\/es\/promozioni\/#breadcrumb"},"inLanguage":"es","potentialAction":[{"@type":"ReadAction","target":[["https:\/\/www.igeranibb.it\/es\/promozioni\/"]]}]},{"@type":"BreadcrumbList","@id":"https:\/\/www.igeranibb.it\/es\/promozioni\/#breadcrumb","itemListElement":[{"@type":"ListItem","position":1,"name":"Home","item":"https:\/\/www.igeranibb.it\/es\/"},{"@type":"ListItem","position":2,"name":"Promozioni"}]}]}},"_links":{"self":[{"href":"https:\/\/www.igeranibb.it\/es\/wp-json\/wp\/v2\/pages\/142"}],"collection":[{"href":"https:\/\/www.igeranibb.it\/es\/wp-json\/wp\/v2\/pages"}],"about":[{"href":"https:\/\/www.igeranibb.it\/es\/wp-json\/wp\/v2\/types\/page"}],"author":[{"embeddable":true,"href":"https:\/\/www.igeranibb.it\/es\/wp-json\/wp\/v2\/users\/1"}],"replies":[{"embeddable":true,"href":"https:\/\/www.igeranibb.it\/es\/wp-json\/wp\/v2\/comments?post=142"}],"version-history":[{"count":28,"href":"https:\/\/www.igeranibb.it\/es\/wp-json\/wp\/v2\/pages\/142\/revisions"}],"predecessor-version":[{"id":5155,"href":"https:\/\/www.igeranibb.it\/es\/wp-json\/wp\/v2\/pages\/142\/revisions\/5155"}],"wp:attachment":[{"href":"https:\/\/www.igeranibb.it\/es\/wp-json\/wp\/v2\/media?parent=142"}],"curies":[{"name":"wp","href":"https:\/\/api.w.org\/{rel}","templated":true}]}}