{"id":138,"date":"2016-06-28T19:39:48","date_gmt":"2016-06-28T17:39:48","guid":{"rendered":"http:\/\/easyvallarta.altervista.org\/?page_id=138"},"modified":"2025-05-19T21:13:51","modified_gmt":"2025-05-19T19:13:51","slug":"homepage","status":"publish","type":"page","link":"https:\/\/www.igeranibb.it\/es\/","title":{"rendered":"Homepage"},"content":{"rendered":"<p><\/p>\n<p style=\"text-align: center;\"><span style=\"color: #339966;\"><strong>Si\u00e9ntase como en casa incluso de vacaciones, en un aut\u00e9ntico B&amp;B familiar<\/strong><\/span><\/p>\n<p>Si\u00e9ntase como en casa incluso de vacaciones, en un verdadero BB familiar con la hospitalidad t\u00edpica de Cerde\u00f1a. Le ofrecemos habitaci\u00f3n con ba\u00f1o privado y desayuno en el verano servido en el jard\u00edn. Mi nombre es Daniela y te invito a visitar Cerde\u00f1a aloj\u00e1ndote en mi casa en Posada (Nu), si est\u00e1s de vacaciones o de paso por trabajo te sentir\u00e1s como en casa.<br \/>\nEl B&amp;B I GERANI se encuentra en una posici\u00f3n estrat\u00e9gica para descubrir la zona entre el mar y la monta\u00f1a, entre la gastronom\u00eda y la naturaleza, entre la diversi\u00f3n y la relajaci\u00f3n actividades para hacer en la zona, nos encanta acoger para hacer nuevos conocidos y dar a todos la oportunidad de visitar , a precios razonables, nuestro territorio lleno de sugerentes paisajes&#8230; entre un PUEBLO MEDIEVAL y el PARQUE DE LA TEPILORA, con el yacimiento arqueol\u00f3gico (Bitti), escalada etc.. por eso amamos la Naturaleza y tratamos de preservarla &#8211; E48133<\/p>\n<p><span style=\"color: #339966;\"><strong>VERANO DESDE 60\u20ac por pareja por noche (para estancias de m\u00ednimo 3 noches)<\/strong><\/span><\/p>\n<p><strong>&#x1f4e9; Cont\u00e1ctenos 3482604052 Annalisa o escr\u00edbanos para info <a href=\"mailto:bb.igerani@tiscali.it\">bb.igerani@tiscali.it<\/a> o <a href=\"mailto:annalisacanu@tiscali.it\">annalisacanu@tiscali.it<\/a><\/strong><\/p>\n<p><strong>LE OFRECEMOS<\/strong> una habitaci\u00f3n doble o twin (para 2 personas) en una peque\u00f1a villa con jard\u00edn a 1700 metros del mar de Posada NU. Te ofrecemos pernoctar en una amplia habitaci\u00f3n con ba\u00f1o privado, wifi gratuito, calefacci\u00f3n o aire acondicionado, rico desayuno (servido en el jard\u00edn en verano), caja fuerte, nevera con congelador, secador de pelo. M\u00e1xima autonom\u00eda, zona de estar en la terraza para leer y relajarse. Garantizamos limpieza diaria, uso gratuito de bicicletas, recogida selectiva de residuos, suministro de agua, todas las comodidades para su estancia. Ponemos a su disposici\u00f3n sombrilla, nevera port\u00e1til, itinerarios y mapas, toallas de playa, toallas de playa, bajo petici\u00f3n.. Intercambio de libros y revistas (cuando sea posible)<\/p>\n<p>Comenzar\u00e1s el d\u00eda con un rico desayuno con leche, caf\u00e9 o t\u00e9 o zumo de frutas, pan, bizcochos, bizcochos, torta de madre, tambi\u00e9n mermeladas genuinas, mantequilla etc.. etc\u2026. Previa solicitud preparamos desayunos para peque\u00f1as o sabrosas intolerancias (solo bajo acuerdo) Acogemos un m\u00e1ximo de 3 plazas por habitaci\u00f3n (doble con cama supletoria o cuna solo para ni\u00f1os menores de 12 a\u00f1os)<\/p>\n<p>Convenio para realizar excursiones en la zona para conocer el \u00e1rea de vida silvestre, mar, represa, r\u00edo con Kajak, sitios arqueol\u00f3gicos en el parque, con acompa\u00f1antes etc..<\/p>\n<p>Informes de lugares de confianza entre pizzer\u00eda, restaurante y trattorias alrededor de la estructura tenemos 5 soluciones muy cercanas. Ideas para diferentes itinerarios de trekking, pirag\u00fcismo, excursiones naturalistas, culturales, etc\u2026 Asistencia in situ. Mapas e Itinerarios<\/p>\n<p><strong>POSADA<\/strong> tiene unos 4 km de playa entre pinares, arena, dunas y rocas. Se reconoce la playa de SU TIRIARZU a 1700mt de la estructura, por sus dunas protegidas, la asistencia a los ba\u00f1istas, con las 5 velas azules de Legambiente Turismo como territorio ecosostenible, con duchas y ba\u00f1os, fuente y juegos para ni\u00f1os, 2 quioscos, amplio estacionamiento, espacio para bicicletas, etc.<\/p>\n<p>Disponemos de un carril bici que recorre la circunvalaci\u00f3n del pueblo hasta las playas para pasear, no contaminar y no pagar aparcamiento.<\/p>\n<p><strong>POSADA<\/strong> est\u00e1 en la costa este de Cerde\u00f1a a 43 km al sur de Olbia, es la \u00fanica ciudad hist\u00f3rica de la zona, con el Castello della Fava que domina todo el valle de Posadina, Casa delle Dame (actual Centro CEAS de Educaci\u00f3n Ambiental e Informaci\u00f3n Tur\u00edstica) , Nuraghi etc.. El territorio de Posada se encuentra en el PARQUE DE LA TEPILORA y ofrece diversas rutas e itinerarios entre monta\u00f1a, mar, r\u00edo (canoa), embalse, playas, dunas protegidas, pinares, estanque (observaci\u00f3n de aves para flamencos, caballero de Italia, patos reales, pollo sult\u00e1n, cormoranes etc..), puerto tur\u00edstico Dispondr\u00e1s de diversos itinerarios para realizar con gu\u00eda o monitor o solo, a pie, en bicicleta, en moto, a caballo, en canoa o en balsa. Si quieres m\u00e1s informaci\u00f3n sobre Posada lee aqu\u00ed https:\/\/it.wikipedia.org\/wiki\/Posada<\/p>\n<p><strong>ENCUENTRA DISPONIBILIDAD DE HABITACIONES AQU\u00cd <a href=\"https:\/\/www.igeranibb.com\/ita\/articoli.asp?categoria=last%20minute\">https:\/\/www.igeranibb.com\/ita\/articoli.asp?categoria=last%20minute<\/a><\/strong><\/p>\n<p><a href=\"https:\/\/iun.gov.it\/E48133\">https:\/\/iun.gov.it\/E48133<\/a><\/p>\n<p>A pesar de las subidas que estamos atravesando en los costes de proveedores, suministros y la adecuaci\u00f3n de las normas de seguridad seg\u00fan el Decreto Foral, mantendremos las tarifas sin cambios para no sobrecargar al hu\u00e9sped, que tendr\u00e1 que ayudarnos a ahorrar luz y agua cuando no es necesario, adem\u00e1s estamos abiertos a escuchar cada necesidad en particular, siempre por la seguridad de todos y para conocer si prefieres pernoctar etc.. \u00a1Te esperamos!<\/p>","protected":false},"excerpt":{"rendered":"<p>Si\u00e9ntase como en casa incluso de vacaciones, en un aut\u00e9ntico B&amp;B familiar Si\u00e9ntase como en casa incluso de vacaciones, en un verdadero BB familiar con la hospitalidad t\u00edpica de Cerde\u00f1a. Le ofrecemos habitaci\u00f3n con ba\u00f1o privado y desayuno en el<\/p>\n","protected":false},"author":1,"featured_media":0,"parent":0,"menu_order":0,"comment_status":"closed","ping_status":"closed","template":"","meta":[],"yoast_head":"<!-- This site is optimized with the Yoast SEO plugin v19.0 - https:\/\/yoast.com\/wordpress\/plugins\/seo\/ -->\r\n<title>Homepage - I Gerani Bed and Breakfast<\/title>\r\n<meta name=\"robots\" content=\"index, follow, max-snippet:-1, max-image-preview:large, max-video-preview:-1\" \/>\r\n<link rel=\"canonical\" href=\"https:\/\/www.igeranibb.it\/es\/\" \/>\r\n<meta property=\"og:locale\" content=\"es_ES\" \/>\r\n<meta property=\"og:type\" content=\"article\" \/>\r\n<meta property=\"og:title\" content=\"Homepage - I Gerani Bed and Breakfast\" \/>\r\n<meta property=\"og:description\" content=\"Si\u00e9ntase como en casa incluso de vacaciones, en un aut\u00e9ntico B&amp;B familiar Si\u00e9ntase como en casa incluso de vacaciones, en un verdadero BB familiar con la hospitalidad t\u00edpica de Cerde\u00f1a. Le ofrecemos habitaci\u00f3n con ba\u00f1o privado y desayuno en el\" \/>\r\n<meta property=\"og:url\" content=\"https:\/\/www.igeranibb.it\/es\/\" \/>\r\n<meta property=\"og:site_name\" content=\"I Gerani Bed and Breakfast\" \/>\r\n<meta property=\"article:publisher\" content=\"https:\/\/www.facebook.com\/BB-I-GERANI-di-Posada-Sardegna-142974362460558\/?fref=ts\" \/>\r\n<meta property=\"article:modified_time\" content=\"2025-05-19T19:13:51+00:00\" \/>\r\n<meta property=\"og:image\" content=\"http:\/\/www.igeranibb.it\/public\/wp-content\/uploads\/2016\/06\/bbmamma-169x300.jpg\" \/>\r\n<meta name=\"twitter:card\" content=\"summary\" \/>\r\n<meta name=\"twitter:label1\" content=\"Tiempo de lectura\" \/>\n\t<meta name=\"twitter:data1\" content=\"6 minutos\" \/>\r\n<script type=\"application\/ld+json\" class=\"yoast-schema-graph\">{\"@context\":\"https:\/\/schema.org\",\"@graph\":[{\"@type\":\"WebSite\",\"@id\":\"https:\/\/www.igeranibb.it\/es\/#website\",\"url\":\"https:\/\/www.igeranibb.it\/es\/\",\"name\":\"I Gerani Bed and Breakfast\",\"description\":\"\",\"potentialAction\":[{\"@type\":\"SearchAction\",\"target\":{\"@type\":\"EntryPoint\",\"urlTemplate\":\"https:\/\/www.igeranibb.it\/es\/?s={search_term_string}\"},\"query-input\":\"required name=search_term_string\"}],\"inLanguage\":\"es\"},{\"@type\":\"ImageObject\",\"inLanguage\":\"es\",\"@id\":\"https:\/\/www.igeranibb.it\/es\/#primaryimage\",\"url\":\"http:\/\/www.igeranibb.it\/public\/wp-content\/uploads\/2016\/06\/bbmamma-169x300.jpg\",\"contentUrl\":\"http:\/\/www.igeranibb.it\/public\/wp-content\/uploads\/2016\/06\/bbmamma-169x300.jpg\"},{\"@type\":\"WebPage\",\"@id\":\"https:\/\/www.igeranibb.it\/es\/#webpage\",\"url\":\"https:\/\/www.igeranibb.it\/es\/\",\"name\":\"Homepage - I Gerani Bed and Breakfast\",\"isPartOf\":{\"@id\":\"https:\/\/www.igeranibb.it\/es\/#website\"},\"primaryImageOfPage\":{\"@id\":\"https:\/\/www.igeranibb.it\/es\/#primaryimage\"},\"datePublished\":\"2016-06-28T17:39:48+00:00\",\"dateModified\":\"2025-05-19T19:13:51+00:00\",\"breadcrumb\":{\"@id\":\"https:\/\/www.igeranibb.it\/es\/#breadcrumb\"},\"inLanguage\":\"es\",\"potentialAction\":[{\"@type\":\"ReadAction\",\"target\":[[\"https:\/\/www.igeranibb.it\/es\/\"]]}]},{\"@type\":\"BreadcrumbList\",\"@id\":\"https:\/\/www.igeranibb.it\/es\/#breadcrumb\",\"itemListElement\":[{\"@type\":\"ListItem\",\"position\":1,\"name\":\"Home\",\"item\":\"https:\/\/www.igeranibb.it\/es\/\"},{\"@type\":\"ListItem\",\"position\":2,\"name\":\"Homepage\"}]}]}<\/script>\r\n<!-- \/ Yoast SEO plugin. -->","yoast_head_json":{"title":"Homepage - I Gerani Bed and Breakfast","robots":{"index":"index","follow":"follow","max-snippet":"max-snippet:-1","max-image-preview":"max-image-preview:large","max-video-preview":"max-video-preview:-1"},"canonical":"https:\/\/www.igeranibb.it\/es\/","og_locale":"es_ES","og_type":"article","og_title":"Homepage - I Gerani Bed and Breakfast","og_description":"Si\u00e9ntase como en casa incluso de vacaciones, en un aut\u00e9ntico B&amp;B familiar Si\u00e9ntase como en casa incluso de vacaciones, en un verdadero BB familiar con la hospitalidad t\u00edpica de Cerde\u00f1a. Le ofrecemos habitaci\u00f3n con ba\u00f1o privado y desayuno en el","og_url":"https:\/\/www.igeranibb.it\/es\/","og_site_name":"I Gerani Bed and Breakfast","article_publisher":"https:\/\/www.facebook.com\/BB-I-GERANI-di-Posada-Sardegna-142974362460558\/?fref=ts","article_modified_time":"2025-05-19T19:13:51+00:00","og_image":[{"url":"http:\/\/www.igeranibb.it\/public\/wp-content\/uploads\/2016\/06\/bbmamma-169x300.jpg"}],"twitter_card":"summary","twitter_misc":{"Tiempo de lectura":"6 minutos"},"schema":{"@context":"https:\/\/schema.org","@graph":[{"@type":"WebSite","@id":"https:\/\/www.igeranibb.it\/es\/#website","url":"https:\/\/www.igeranibb.it\/es\/","name":"I Gerani Bed and Breakfast","description":"","potentialAction":[{"@type":"SearchAction","target":{"@type":"EntryPoint","urlTemplate":"https:\/\/www.igeranibb.it\/es\/?s={search_term_string}"},"query-input":"required name=search_term_string"}],"inLanguage":"es"},{"@type":"ImageObject","inLanguage":"es","@id":"https:\/\/www.igeranibb.it\/es\/#primaryimage","url":"http:\/\/www.igeranibb.it\/public\/wp-content\/uploads\/2016\/06\/bbmamma-169x300.jpg","contentUrl":"http:\/\/www.igeranibb.it\/public\/wp-content\/uploads\/2016\/06\/bbmamma-169x300.jpg"},{"@type":"WebPage","@id":"https:\/\/www.igeranibb.it\/es\/#webpage","url":"https:\/\/www.igeranibb.it\/es\/","name":"Homepage - I Gerani Bed and Breakfast","isPartOf":{"@id":"https:\/\/www.igeranibb.it\/es\/#website"},"primaryImageOfPage":{"@id":"https:\/\/www.igeranibb.it\/es\/#primaryimage"},"datePublished":"2016-06-28T17:39:48+00:00","dateModified":"2025-05-19T19:13:51+00:00","breadcrumb":{"@id":"https:\/\/www.igeranibb.it\/es\/#breadcrumb"},"inLanguage":"es","potentialAction":[{"@type":"ReadAction","target":[["https:\/\/www.igeranibb.it\/es\/"]]}]},{"@type":"BreadcrumbList","@id":"https:\/\/www.igeranibb.it\/es\/#breadcrumb","itemListElement":[{"@type":"ListItem","position":1,"name":"Home","item":"https:\/\/www.igeranibb.it\/es\/"},{"@type":"ListItem","position":2,"name":"Homepage"}]}]}},"_links":{"self":[{"href":"https:\/\/www.igeranibb.it\/es\/wp-json\/wp\/v2\/pages\/138"}],"collection":[{"href":"https:\/\/www.igeranibb.it\/es\/wp-json\/wp\/v2\/pages"}],"about":[{"href":"https:\/\/www.igeranibb.it\/es\/wp-json\/wp\/v2\/types\/page"}],"author":[{"embeddable":true,"href":"https:\/\/www.igeranibb.it\/es\/wp-json\/wp\/v2\/users\/1"}],"replies":[{"embeddable":true,"href":"https:\/\/www.igeranibb.it\/es\/wp-json\/wp\/v2\/comments?post=138"}],"version-history":[{"count":285,"href":"https:\/\/www.igeranibb.it\/es\/wp-json\/wp\/v2\/pages\/138\/revisions"}],"predecessor-version":[{"id":5217,"href":"https:\/\/www.igeranibb.it\/es\/wp-json\/wp\/v2\/pages\/138\/revisions\/5217"}],"wp:attachment":[{"href":"https:\/\/www.igeranibb.it\/es\/wp-json\/wp\/v2\/media?parent=138"}],"curies":[{"name":"wp","href":"https:\/\/api.w.org\/{rel}","templated":true}]}}