{"id":140,"date":"2016-06-28T19:41:29","date_gmt":"2016-06-28T17:41:29","guid":{"rendered":"http:\/\/easyvallarta.altervista.org\/?page_id=140"},"modified":"2022-06-07T17:05:37","modified_gmt":"2022-06-07T15:05:37","slug":"mappa","status":"publish","type":"page","link":"https:\/\/www.igeranibb.it\/de\/mappa\/","title":{"rendered":"Mappa"},"content":{"rendered":"<p><\/p>\n<p style=\"text-align: center;\"><span style=\"font-size: 24px; color: #ff0000;\"><strong>KARTE<\/strong><\/span><\/p>\n<p><strong>Wir sind in POSADA in der Prov. von Nuoro<\/strong><\/p>\n<p><strong>Daniela Borsatto Canu<\/strong><br \/>\n<strong>Via G. Mameli 46<\/strong><br \/>\n<strong>08020 POSADA (NU)<\/strong><br \/>\n<strong>Tel. 0784445252<\/strong><br \/>\n<strong>Zelle. +39 3482604052<\/strong><br \/>\n<a href=\"mailto:bb.igerani@tiscali.it\"><strong>bb.igerani@tiscali.it<\/strong><\/a><br \/>\n<a href=\"mailto:annalisacanu@tiscali.it\"><strong>annalisacanu@tiscali.it<\/strong><\/a><\/p>\n<p><strong>SO ERREICHEN SIE UNS<\/strong><\/p>\n<p><strong>Von CAGLIARI \/ ORISTANO:<\/strong> Nehmen Sie die 131 Carlo Felice bis zur Abzweigung Abbasanta und folgen Sie weiter den Schildern nach Nuoro \/ Olbia auf der \u00f6stlichen sardischen 131, machen Sie keine Umwege und fahren Sie etwa 105 km weiter, verlassen Sie die Autobahn, indem Sie an der 1. Ausfahrt abbiegen x Posada mit dem Posada-Schild \/ Torp\u00e8<\/p>\n<p><strong>von PORTO TORRES<\/strong>: den Schildern nach CAGLIARI folgen; an der Ausfahrt OLBIA \/ OZIERI abbiegen (13 km nach Sassari); bevor Sie in OLBIA ankommen, fahren Sie auf die vier Fahrspuren mit dem Schild CAGLIARI \/ NUORO \/ POSADA.<\/p>\n<p><strong>Von GOLFO ARANCI:<\/strong> Folgen Sie der Beschilderung nach OLBIA, ohne Olbia zu betreten, fahren Sie mit der Beschilderung nach Cagliari \/ Nuoro fort<\/p>\n<p><strong>von OLBIA<\/strong>: Verlassen Sie den Hafen; Folgen Sie den Schildern nach SASSARI (nicht nach Nuoro, weil es einen Panoramablick bietet); betreten Sie die vier Fahrspuren mit Hinweis CAGLIARI \/ NUORO; fahren Sie etwa 39 km geradeaus bis zur 2. Ausfahrt Posada mit dem Schild POSADA \/ TORPE;<\/p>\n<p><strong>von der Ausfahrt Posada \/ Torp\u00e8: links abbiegen nach Posada und angekommen im LAND, an der Kreuzung (4-Wege-Kreuzung) geradeaus weiterfahren und den Schildern nach La Caletta folgen, nach etwa 150 Metern links abbiegen (es ist die 2. Stra\u00dfe links) Unmittelbar nach dem Fotografen treten Sie \u00fcber Mameli ein und suchen nach etwa 50 Metern neben der M\u00f6belfabrik (blaues Geb\u00e4ude) nach Nr. 46, es ist das 1. schwarze Tor, das sich auf der linken Seite mit dem Schild BB befindet. Suchen Sie nach Parkpl\u00e4tzen vor der struktur, sie sind angekommen !<\/strong><\/p>\n<p><strong>von OROSEI:<\/strong> folgen Sie den Schildern nach OLBIA auf der SP 125, nach La Caletta, nach ca. 4 km in Posada einfahren, rechts abbiegen, gleich nach dem Friseurladen auf der rechten Seite finden Sie uns 50 Meter auf der linken Seite nach der blauen M\u00f6belfabrik .<\/p>\n<p><iframe loading=\"lazy\" style=\"border: 0;\" src=\"https:\/\/www.google.com\/maps\/embed?pb=!1m18!1m12!1m3!1d1513.9666815523033!2d9.716752303825189!3d40.63135151557483!2m3!1f0!2f0!3f0!3m2!1i1024!2i768!4f13.1!3m3!1m2!1s0x0%3A0xa4a00942bd2f87d5!2sI+Gerani!5e0!3m2!1sit!2sit!4v1467445986560\" width=\"100%\" height=\"450\" frameborder=\"0\" allowfullscreen=\"allowfullscreen\"><\/iframe><\/p>","protected":false},"excerpt":{"rendered":"<p>KARTE Wir sind in POSADA in der Prov. von Nuoro Daniela Borsatto Canu Via G. Mameli 46 08020 POSADA (NU) Tel. 0784445252 Zelle. +39 3482604052 bb.igerani@tiscali.it annalisacanu@tiscali.it SO ERREICHEN SIE UNS Von CAGLIARI \/ ORISTANO: Nehmen Sie die 131 Carlo<\/p>\n","protected":false},"author":1,"featured_media":0,"parent":0,"menu_order":0,"comment_status":"closed","ping_status":"closed","template":"","meta":[],"yoast_head":"<!-- This site is optimized with the Yoast SEO plugin v19.0 - https:\/\/yoast.com\/wordpress\/plugins\/seo\/ -->\r\n<title>Mappa - I Gerani Bed and Breakfast<\/title>\r\n<meta name=\"robots\" content=\"index, follow, max-snippet:-1, max-image-preview:large, max-video-preview:-1\" \/>\r\n<link rel=\"canonical\" href=\"https:\/\/www.igeranibb.it\/de\/mappa\/\" \/>\r\n<meta property=\"og:locale\" content=\"de_DE\" \/>\r\n<meta property=\"og:type\" content=\"article\" \/>\r\n<meta property=\"og:title\" content=\"Mappa - I Gerani Bed and Breakfast\" \/>\r\n<meta property=\"og:description\" content=\"KARTE Wir sind in POSADA in der Prov. von Nuoro Daniela Borsatto Canu Via G. Mameli 46 08020 POSADA (NU) Tel. 0784445252 Zelle. +39 3482604052 bb.igerani@tiscali.it annalisacanu@tiscali.it SO ERREICHEN SIE UNS Von CAGLIARI \/ ORISTANO: Nehmen Sie die 131 Carlo\" \/>\r\n<meta property=\"og:url\" content=\"https:\/\/www.igeranibb.it\/de\/mappa\/\" \/>\r\n<meta property=\"og:site_name\" content=\"I Gerani Bed and Breakfast\" \/>\r\n<meta property=\"article:publisher\" content=\"https:\/\/www.facebook.com\/BB-I-GERANI-di-Posada-Sardegna-142974362460558\/?fref=ts\" \/>\r\n<meta property=\"article:modified_time\" content=\"2022-06-07T15:05:37+00:00\" \/>\r\n<meta property=\"og:image\" content=\"http:\/\/www.igeranibb.it\/public\/wp-content\/uploads\/2016\/06\/1a_beb1.jpg\" \/>\r\n<meta name=\"twitter:card\" content=\"summary\" \/>\r\n<meta name=\"twitter:label1\" content=\"Gesch\u00e4tzte Lesezeit\" \/>\n\t<meta name=\"twitter:data1\" content=\"2 Minuten\" \/>\r\n<script type=\"application\/ld+json\" class=\"yoast-schema-graph\">{\"@context\":\"https:\/\/schema.org\",\"@graph\":[{\"@type\":\"WebSite\",\"@id\":\"https:\/\/www.igeranibb.it\/de\/#website\",\"url\":\"https:\/\/www.igeranibb.it\/de\/\",\"name\":\"I Gerani Bed and Breakfast\",\"description\":\"\",\"potentialAction\":[{\"@type\":\"SearchAction\",\"target\":{\"@type\":\"EntryPoint\",\"urlTemplate\":\"https:\/\/www.igeranibb.it\/de\/?s={search_term_string}\"},\"query-input\":\"required name=search_term_string\"}],\"inLanguage\":\"de-DE\"},{\"@type\":\"WebPage\",\"@id\":\"https:\/\/www.igeranibb.it\/de\/mappa\/#webpage\",\"url\":\"https:\/\/www.igeranibb.it\/de\/mappa\/\",\"name\":\"Mappa - I Gerani Bed and Breakfast\",\"isPartOf\":{\"@id\":\"https:\/\/www.igeranibb.it\/de\/#website\"},\"datePublished\":\"2016-06-28T17:41:29+00:00\",\"dateModified\":\"2022-06-07T15:05:37+00:00\",\"breadcrumb\":{\"@id\":\"https:\/\/www.igeranibb.it\/de\/mappa\/#breadcrumb\"},\"inLanguage\":\"de-DE\",\"potentialAction\":[{\"@type\":\"ReadAction\",\"target\":[[\"https:\/\/www.igeranibb.it\/de\/mappa\/\"]]}]},{\"@type\":\"BreadcrumbList\",\"@id\":\"https:\/\/www.igeranibb.it\/de\/mappa\/#breadcrumb\",\"itemListElement\":[{\"@type\":\"ListItem\",\"position\":1,\"name\":\"Home\",\"item\":\"https:\/\/www.igeranibb.it\/de\/\"},{\"@type\":\"ListItem\",\"position\":2,\"name\":\"Mappa\"}]}]}<\/script>\r\n<!-- \/ Yoast SEO plugin. -->","yoast_head_json":{"title":"Mappa - I Gerani Bed and Breakfast","robots":{"index":"index","follow":"follow","max-snippet":"max-snippet:-1","max-image-preview":"max-image-preview:large","max-video-preview":"max-video-preview:-1"},"canonical":"https:\/\/www.igeranibb.it\/de\/mappa\/","og_locale":"de_DE","og_type":"article","og_title":"Mappa - I Gerani Bed and Breakfast","og_description":"KARTE Wir sind in POSADA in der Prov. von Nuoro Daniela Borsatto Canu Via G. Mameli 46 08020 POSADA (NU) Tel. 0784445252 Zelle. +39 3482604052 bb.igerani@tiscali.it annalisacanu@tiscali.it SO ERREICHEN SIE UNS Von CAGLIARI \/ ORISTANO: Nehmen Sie die 131 Carlo","og_url":"https:\/\/www.igeranibb.it\/de\/mappa\/","og_site_name":"I Gerani Bed and Breakfast","article_publisher":"https:\/\/www.facebook.com\/BB-I-GERANI-di-Posada-Sardegna-142974362460558\/?fref=ts","article_modified_time":"2022-06-07T15:05:37+00:00","og_image":[{"url":"http:\/\/www.igeranibb.it\/public\/wp-content\/uploads\/2016\/06\/1a_beb1.jpg"}],"twitter_card":"summary","twitter_misc":{"Gesch\u00e4tzte Lesezeit":"2 Minuten"},"schema":{"@context":"https:\/\/schema.org","@graph":[{"@type":"WebSite","@id":"https:\/\/www.igeranibb.it\/de\/#website","url":"https:\/\/www.igeranibb.it\/de\/","name":"I Gerani Bed and Breakfast","description":"","potentialAction":[{"@type":"SearchAction","target":{"@type":"EntryPoint","urlTemplate":"https:\/\/www.igeranibb.it\/de\/?s={search_term_string}"},"query-input":"required name=search_term_string"}],"inLanguage":"de-DE"},{"@type":"WebPage","@id":"https:\/\/www.igeranibb.it\/de\/mappa\/#webpage","url":"https:\/\/www.igeranibb.it\/de\/mappa\/","name":"Mappa - I Gerani Bed and Breakfast","isPartOf":{"@id":"https:\/\/www.igeranibb.it\/de\/#website"},"datePublished":"2016-06-28T17:41:29+00:00","dateModified":"2022-06-07T15:05:37+00:00","breadcrumb":{"@id":"https:\/\/www.igeranibb.it\/de\/mappa\/#breadcrumb"},"inLanguage":"de-DE","potentialAction":[{"@type":"ReadAction","target":[["https:\/\/www.igeranibb.it\/de\/mappa\/"]]}]},{"@type":"BreadcrumbList","@id":"https:\/\/www.igeranibb.it\/de\/mappa\/#breadcrumb","itemListElement":[{"@type":"ListItem","position":1,"name":"Home","item":"https:\/\/www.igeranibb.it\/de\/"},{"@type":"ListItem","position":2,"name":"Mappa"}]}]}},"_links":{"self":[{"href":"https:\/\/www.igeranibb.it\/de\/wp-json\/wp\/v2\/pages\/140"}],"collection":[{"href":"https:\/\/www.igeranibb.it\/de\/wp-json\/wp\/v2\/pages"}],"about":[{"href":"https:\/\/www.igeranibb.it\/de\/wp-json\/wp\/v2\/types\/page"}],"author":[{"embeddable":true,"href":"https:\/\/www.igeranibb.it\/de\/wp-json\/wp\/v2\/users\/1"}],"replies":[{"embeddable":true,"href":"https:\/\/www.igeranibb.it\/de\/wp-json\/wp\/v2\/comments?post=140"}],"version-history":[{"count":7,"href":"https:\/\/www.igeranibb.it\/de\/wp-json\/wp\/v2\/pages\/140\/revisions"}],"predecessor-version":[{"id":4904,"href":"https:\/\/www.igeranibb.it\/de\/wp-json\/wp\/v2\/pages\/140\/revisions\/4904"}],"wp:attachment":[{"href":"https:\/\/www.igeranibb.it\/de\/wp-json\/wp\/v2\/media?parent=140"}],"curies":[{"name":"wp","href":"https:\/\/api.w.org\/{rel}","templated":true}]}}