{"id":129,"date":"2016-06-28T19:37:19","date_gmt":"2016-06-28T17:37:19","guid":{"rendered":"http:\/\/easyvallarta.altervista.org\/?page_id=129"},"modified":"2025-05-19T20:39:51","modified_gmt":"2025-05-19T18:39:51","slug":"contatti","status":"publish","type":"page","link":"https:\/\/www.igeranibb.it\/de\/contatti\/","title":{"rendered":"Contatti"},"content":{"rendered":"<p><strong><a href=\"http:\/\/easyvallarta.altervista.org\/contatti\/wbresize-aspx\/\" rel=\"attachment wp-att-215\"><img loading=\"lazy\" class=\"size-full wp-image-215 alignleft\" src=\"http:\/\/www.igeranibb.it\/wp-content\/uploads\/2016\/06\/wbresize.aspx_.jpg\" alt=\"wbresize.aspx\" width=\"100\" height=\"71\" \/><\/a><\/strong><span style=\"font-size: 20px;\"><span style=\"font-size: 24px;\"><strong><span style=\"font-family: 'Calibri',sans-serif; color: black;\">Bed and Breakfast I GERANI<\/span><\/strong><\/span><span style=\"font-family: 'Calibri',sans-serif; color: black;\"><br \/>\nDaniela Borsatto Canu<br \/>\n<strong><span style=\"font-family: 'Calibri',sans-serif;\">V. G. Mameli 46 &#8211; 08020 Posada NU<\/span><\/strong><br \/>\n<strong><span style=\"font-family: 'Calibri',sans-serif;\">Sardegna<\/span><\/strong> &#8211; Costa Orientale<br \/>\nTELEF. <strong><span style=\"font-family: 'Calibri',sans-serif;\">0784445252\u00a0 &#8211; 3482604052 Annalisa<\/span><\/strong><\/span><\/span><\/p>\n<p style=\"margin: 0cm; margin-bottom: .0001pt; line-height: 115%;\"><span style=\"font-size: 20px;\"><span style=\"font-family: 'Calibri',sans-serif; color: black;\">URL SITO WEB: <strong><span style=\"font-family: 'Calibri',sans-serif;\"><a href=\"http:\/\/www.igeranibb.it\">http:\/\/www.igeranibb.it<\/a>\u00a0o <a href=\"http:\/\/www.igeranibb.com\">http:\/\/www.igeranibb.com<\/a>\u00a0<\/span><\/strong><br \/>\nSKIPE: annalisa.canu<br \/>\nEMAIL: <a href=\"mailto:bb.igerani@tiscali.it\"><strong><span style=\"font-family: 'Calibri',sans-serif;\">bb.igerani@tiscali.it<\/span><\/strong><\/a> \/\u00a0<strong><span style=\"font-family: 'Calibri',sans-serif;\"><a href=\"mailto:annalisacanu@tiscali.it\">annalisacanu@tiscali.it<\/a><\/span> <\/strong><\/span><\/span><\/p>\n<p style=\"margin: 0cm; margin-bottom: .0001pt; line-height: 115%;\"><span style=\"font-family: Calibri, sans-serif; color: black; font-size: 20px;\">REG. <a href=\"https:\/\/iun.gov.it\/E48133\">https:\/\/iun.gov.it\/E48133<\/a><\/span><\/p>\n<p><strong>\u00a0<\/strong><\/p>\n<p>In \u00dcbereinstimmung mit der DSGVO, der neuen EU-Verordnung zum Schutz personenbezogener Daten, die seit dem 25. Mai 2018 in BB I GERANI gilt, respektieren wir Ihre Privatsph\u00e4re:<\/p>\n<p>1. Ihre Daten werden keinem Dritten zur Verf\u00fcgung gestellt. Sie werden in \u00dcbereinstimmung mit der geltenden Gesetzgebung nur von den Unterzeichneten und ausschlie\u00dflich zu dem Zweck verwaltet, Ihnen die von Ihnen angeforderten Informationen von der Website oder per privater E-Mail zu senden.<br \/>\n2. Durch die Abfrage von Informationen zu Verf\u00fcgbarkeit, Gebiet, Ereignissen usw. stimmen Sie der Verarbeitung von Daten zu, die nicht an Dritte weitergegeben werden.<br \/>\n3. Sie k\u00f6nnen Ihre Daten jederzeit \u00e4ndern oder abbestellen, indem Sie eine E-Mail an bb.igerani@tiscali.it senden<br \/>\n4. Sie k\u00f6nnen jederzeit weitere Klarstellungen zur Verwendung Ihrer pers\u00f6nlichen Daten verlangen<br \/>\n5. In Ihrer E-Mail k\u00f6nnen Sie uns schreiben, ob Sie der Verarbeitung personenbezogener Daten zustimmen, die nicht an Dritte weitergegeben werden.<\/p>\n<p>Danke f\u00fcr dein Vertrauen und deine Aufmerksamkeit, Annalisa<\/p>\n<p>&nbsp;<\/p>","protected":false},"excerpt":{"rendered":"<p>Bed and Breakfast I GERANI Daniela Borsatto Canu V. G. Mameli 46 &#8211; 08020 Posada NU Sardegna &#8211; Costa Orientale TELEF. 0784445252\u00a0 &#8211; 3482604052 Annalisa URL SITO WEB: http:\/\/www.igeranibb.it\u00a0o http:\/\/www.igeranibb.com\u00a0 SKIPE: annalisa.canu EMAIL: bb.igerani@tiscali.it \/\u00a0annalisacanu@tiscali.it REG. https:\/\/iun.gov.it\/E48133 \u00a0 In \u00dcbereinstimmung<\/p>\n","protected":false},"author":1,"featured_media":0,"parent":0,"menu_order":0,"comment_status":"closed","ping_status":"closed","template":"","meta":[],"yoast_head":"<!-- This site is optimized with the Yoast SEO plugin v19.0 - https:\/\/yoast.com\/wordpress\/plugins\/seo\/ -->\r\n<title>Contatti - I Gerani Bed and Breakfast<\/title>\r\n<meta name=\"description\" content=\"Bed and Breakfast, ospitalit\u00e0 familiare, Posada, Sardegna, mare,, spiagge, villino con giardino, 1700 m mare, ogni confort, clima, prima colazione, bagno privato, colazione servita in giardino\" \/>\r\n<meta name=\"robots\" content=\"index, follow, max-snippet:-1, max-image-preview:large, max-video-preview:-1\" \/>\r\n<link rel=\"canonical\" href=\"https:\/\/www.igeranibb.it\/de\/contatti\/\" \/>\r\n<meta property=\"og:locale\" content=\"de_DE\" \/>\r\n<meta property=\"og:type\" content=\"article\" \/>\r\n<meta property=\"og:title\" content=\"Contatti - I Gerani Bed and Breakfast\" \/>\r\n<meta property=\"og:description\" content=\"Bed and Breakfast, ospitalit\u00e0 familiare, Posada, Sardegna, mare,, spiagge, villino con giardino, 1700 m mare, ogni confort, clima, prima colazione, bagno privato, colazione servita in giardino\" \/>\r\n<meta property=\"og:url\" content=\"https:\/\/www.igeranibb.it\/de\/contatti\/\" \/>\r\n<meta property=\"og:site_name\" content=\"I Gerani Bed and Breakfast\" \/>\r\n<meta property=\"article:publisher\" content=\"https:\/\/www.facebook.com\/BB-I-GERANI-di-Posada-Sardegna-142974362460558\/?fref=ts\" \/>\r\n<meta property=\"article:modified_time\" content=\"2025-05-19T18:39:51+00:00\" \/>\r\n<meta property=\"og:image\" content=\"http:\/\/www.igeranibb.it\/wp-content\/uploads\/2016\/06\/wbresize.aspx_.jpg\" \/>\r\n<meta name=\"twitter:card\" content=\"summary\" \/>\r\n<meta name=\"twitter:label1\" content=\"Gesch\u00e4tzte Lesezeit\" \/>\n\t<meta name=\"twitter:data1\" content=\"2 Minuten\" \/>\r\n<script type=\"application\/ld+json\" class=\"yoast-schema-graph\">{\"@context\":\"https:\/\/schema.org\",\"@graph\":[{\"@type\":\"WebSite\",\"@id\":\"https:\/\/www.igeranibb.it\/de\/#website\",\"url\":\"https:\/\/www.igeranibb.it\/de\/\",\"name\":\"I Gerani Bed and Breakfast\",\"description\":\"\",\"potentialAction\":[{\"@type\":\"SearchAction\",\"target\":{\"@type\":\"EntryPoint\",\"urlTemplate\":\"https:\/\/www.igeranibb.it\/de\/?s={search_term_string}\"},\"query-input\":\"required name=search_term_string\"}],\"inLanguage\":\"de-DE\"},{\"@type\":\"ImageObject\",\"inLanguage\":\"de-DE\",\"@id\":\"https:\/\/www.igeranibb.it\/de\/contatti\/#primaryimage\",\"url\":\"https:\/\/www.igeranibb.it\/wp-content\/uploads\/2016\/06\/wbresize.aspx_.jpg\",\"contentUrl\":\"https:\/\/www.igeranibb.it\/wp-content\/uploads\/2016\/06\/wbresize.aspx_.jpg\",\"width\":100,\"height\":71},{\"@type\":\"WebPage\",\"@id\":\"https:\/\/www.igeranibb.it\/de\/contatti\/#webpage\",\"url\":\"https:\/\/www.igeranibb.it\/de\/contatti\/\",\"name\":\"Contatti - I Gerani Bed and Breakfast\",\"isPartOf\":{\"@id\":\"https:\/\/www.igeranibb.it\/de\/#website\"},\"primaryImageOfPage\":{\"@id\":\"https:\/\/www.igeranibb.it\/de\/contatti\/#primaryimage\"},\"datePublished\":\"2016-06-28T17:37:19+00:00\",\"dateModified\":\"2025-05-19T18:39:51+00:00\",\"description\":\"Bed and Breakfast, ospitalit\u00e0 familiare, Posada, Sardegna, mare,, spiagge, villino con giardino, 1700 m mare, ogni confort, clima, prima colazione, bagno privato, colazione servita in giardino\",\"breadcrumb\":{\"@id\":\"https:\/\/www.igeranibb.it\/de\/contatti\/#breadcrumb\"},\"inLanguage\":\"de-DE\",\"potentialAction\":[{\"@type\":\"ReadAction\",\"target\":[[\"https:\/\/www.igeranibb.it\/de\/contatti\/\"]]}]},{\"@type\":\"BreadcrumbList\",\"@id\":\"https:\/\/www.igeranibb.it\/de\/contatti\/#breadcrumb\",\"itemListElement\":[{\"@type\":\"ListItem\",\"position\":1,\"name\":\"Home\",\"item\":\"https:\/\/www.igeranibb.it\/de\/\"},{\"@type\":\"ListItem\",\"position\":2,\"name\":\"Contatti\"}]}]}<\/script>\r\n<!-- \/ Yoast SEO plugin. -->","yoast_head_json":{"title":"Contatti - I Gerani Bed and Breakfast","description":"Bed and Breakfast, ospitalit\u00e0 familiare, Posada, Sardegna, mare,, spiagge, villino con giardino, 1700 m mare, ogni confort, clima, prima colazione, bagno privato, colazione servita in giardino","robots":{"index":"index","follow":"follow","max-snippet":"max-snippet:-1","max-image-preview":"max-image-preview:large","max-video-preview":"max-video-preview:-1"},"canonical":"https:\/\/www.igeranibb.it\/de\/contatti\/","og_locale":"de_DE","og_type":"article","og_title":"Contatti - I Gerani Bed and Breakfast","og_description":"Bed and Breakfast, ospitalit\u00e0 familiare, Posada, Sardegna, mare,, spiagge, villino con giardino, 1700 m mare, ogni confort, clima, prima colazione, bagno privato, colazione servita in giardino","og_url":"https:\/\/www.igeranibb.it\/de\/contatti\/","og_site_name":"I Gerani Bed and Breakfast","article_publisher":"https:\/\/www.facebook.com\/BB-I-GERANI-di-Posada-Sardegna-142974362460558\/?fref=ts","article_modified_time":"2025-05-19T18:39:51+00:00","og_image":[{"url":"http:\/\/www.igeranibb.it\/wp-content\/uploads\/2016\/06\/wbresize.aspx_.jpg"}],"twitter_card":"summary","twitter_misc":{"Gesch\u00e4tzte Lesezeit":"2 Minuten"},"schema":{"@context":"https:\/\/schema.org","@graph":[{"@type":"WebSite","@id":"https:\/\/www.igeranibb.it\/de\/#website","url":"https:\/\/www.igeranibb.it\/de\/","name":"I Gerani Bed and Breakfast","description":"","potentialAction":[{"@type":"SearchAction","target":{"@type":"EntryPoint","urlTemplate":"https:\/\/www.igeranibb.it\/de\/?s={search_term_string}"},"query-input":"required name=search_term_string"}],"inLanguage":"de-DE"},{"@type":"ImageObject","inLanguage":"de-DE","@id":"https:\/\/www.igeranibb.it\/de\/contatti\/#primaryimage","url":"https:\/\/www.igeranibb.it\/wp-content\/uploads\/2016\/06\/wbresize.aspx_.jpg","contentUrl":"https:\/\/www.igeranibb.it\/wp-content\/uploads\/2016\/06\/wbresize.aspx_.jpg","width":100,"height":71},{"@type":"WebPage","@id":"https:\/\/www.igeranibb.it\/de\/contatti\/#webpage","url":"https:\/\/www.igeranibb.it\/de\/contatti\/","name":"Contatti - I Gerani Bed and Breakfast","isPartOf":{"@id":"https:\/\/www.igeranibb.it\/de\/#website"},"primaryImageOfPage":{"@id":"https:\/\/www.igeranibb.it\/de\/contatti\/#primaryimage"},"datePublished":"2016-06-28T17:37:19+00:00","dateModified":"2025-05-19T18:39:51+00:00","description":"Bed and Breakfast, ospitalit\u00e0 familiare, Posada, Sardegna, mare,, spiagge, villino con giardino, 1700 m mare, ogni confort, clima, prima colazione, bagno privato, colazione servita in giardino","breadcrumb":{"@id":"https:\/\/www.igeranibb.it\/de\/contatti\/#breadcrumb"},"inLanguage":"de-DE","potentialAction":[{"@type":"ReadAction","target":[["https:\/\/www.igeranibb.it\/de\/contatti\/"]]}]},{"@type":"BreadcrumbList","@id":"https:\/\/www.igeranibb.it\/de\/contatti\/#breadcrumb","itemListElement":[{"@type":"ListItem","position":1,"name":"Home","item":"https:\/\/www.igeranibb.it\/de\/"},{"@type":"ListItem","position":2,"name":"Contatti"}]}]}},"_links":{"self":[{"href":"https:\/\/www.igeranibb.it\/de\/wp-json\/wp\/v2\/pages\/129"}],"collection":[{"href":"https:\/\/www.igeranibb.it\/de\/wp-json\/wp\/v2\/pages"}],"about":[{"href":"https:\/\/www.igeranibb.it\/de\/wp-json\/wp\/v2\/types\/page"}],"author":[{"embeddable":true,"href":"https:\/\/www.igeranibb.it\/de\/wp-json\/wp\/v2\/users\/1"}],"replies":[{"embeddable":true,"href":"https:\/\/www.igeranibb.it\/de\/wp-json\/wp\/v2\/comments?post=129"}],"version-history":[{"count":35,"href":"https:\/\/www.igeranibb.it\/de\/wp-json\/wp\/v2\/pages\/129\/revisions"}],"predecessor-version":[{"id":5215,"href":"https:\/\/www.igeranibb.it\/de\/wp-json\/wp\/v2\/pages\/129\/revisions\/5215"}],"wp:attachment":[{"href":"https:\/\/www.igeranibb.it\/de\/wp-json\/wp\/v2\/media?parent=129"}],"curies":[{"name":"wp","href":"https:\/\/api.w.org\/{rel}","templated":true}]}}