{"id":140,"date":"2016-06-28T19:41:29","date_gmt":"2016-06-28T17:41:29","guid":{"rendered":"http:\/\/easyvallarta.altervista.org\/?page_id=140"},"modified":"2022-06-07T17:05:37","modified_gmt":"2022-06-07T15:05:37","slug":"mappa","status":"publish","type":"page","link":"http:\/\/www.igeranibb.it\/es\/mappa\/","title":{"rendered":"Mappa"},"content":{"rendered":"<p><\/p>\n<p style=\"text-align: center;\"><span style=\"font-size: 24px; color: #ff0000;\"><strong>MAPA<\/strong><\/span><\/p>\n<p><strong>Estamos en POSADA en la Prov. de Nuoro<\/strong><\/p>\n<p><strong>Daniela Borsatto Can\u00fa<\/strong><br \/>\n<strong>V\u00eda G. Mameli 46<\/strong><br \/>\n<strong>08020 POSADA (NU)<\/strong><br \/>\n<strong>tel\u00e9fono 0784445252<\/strong><br \/>\n<strong>c\u00e9lula. +39 3482604052<\/strong><br \/>\n<a href=\"mailto:bb.igerani@tiscali.it\"><strong>bb.igerani@tiscali.it<\/strong><\/a><br \/>\n<a href=\"mailto:annalisacanu@tiscali.it\"><strong>annalisacanu@tiscali.it<\/strong><\/a><\/p>\n<p>&nbsp;<\/p>\n<p><strong><span style=\"font-size: 24px;\">C\u00d3MO ENCONTRARNOS<\/span><\/strong><\/p>\n<p><strong>desde CAGLIARI \/ ORISTANO<\/strong>: tome la 131 carlo felice hasta el cruce de Abbasanta y contin\u00fae siguiendo las indicaciones hacia Nuoro \/ Olbia en la 131 del este de Cerde\u00f1a, no haga ning\u00fan desv\u00edo, contin\u00fae durante unos 105 km, salga de la autopista girando en la primera salida x Posada con el cartel de Posada \/ Torp\u00e8<\/p>\n<p><strong>desde PORTO TORRES<\/strong>: siga las indicaciones hacia CAGLIARI; gire en la salida OLBIA \/ OZIERI (13 km despu\u00e9s de Sassari); antes de llegar a OLBIA acceda a los cuatro carriles con la se\u00f1al CAGLIARI \/ NUORO \/ POSADA.<\/p>\n<p><strong>desde GOLFO ARANCI<\/strong>: seguir las indicaciones hacia OLBIA sin entrar en Olbia, continuar con las indicaciones hacia Cagliari \/ Nuoro<\/p>\n<p><strong>desde OLBIA<\/strong>: salida del puerto; siga las indicaciones para SASSARI (no para nuoro porque tiene una vista panor\u00e1mica); entrar en los cuatro carriles con indicaci\u00f3n CAGLIARI \/ NUORO; siga recto durante unos 39 km, hasta la 2\u00aa salida Posada con el cartel &#8216;POSADA \/ TORPE&#8217;;<\/p>\n<p><strong>desde la salida Posada \/ Torp\u00e8: gire a la izquierda hacia Posada y llegue a COUNTRY, en el cruce (intersecci\u00f3n de 4 v\u00edas) contin\u00fae recto siguiendo las indicaciones hacia La Caletta, despu\u00e9s de unos 150 metros gire a la izquierda (es la segunda calle a la izquierda) inmediatamente despu\u00e9s del fot\u00f3grafo, ingrese a trav\u00e9s de mameli y a unos 50 metros, flanqueando la f\u00e1brica de muebles (edificio azul) busque el n \u00b0 46, es la primera puerta negra que est\u00e1 a la izquierda con el letrero BB .. busque estacionamiento en frente a la estructura, \u00a1has llegado!<\/strong><\/p>\n<p><strong>desde OROSEI<\/strong>: siga las indicaciones para OLBIA en la sp 125, despu\u00e9s de La Caletta, despu\u00e9s de unos 4 km ingrese a Posada, gire a la derecha, inmediatamente despu\u00e9s de la peluquer\u00eda a la derecha, nos encontrar\u00e1 a 50 metros a la izquierda despu\u00e9s de la f\u00e1brica de muebles azules .<\/p>\n<p><iframe loading=\"lazy\" style=\"border: 0;\" src=\"https:\/\/www.google.com\/maps\/embed?pb=!1m18!1m12!1m3!1d1513.9666815523033!2d9.716752303825189!3d40.63135151557483!2m3!1f0!2f0!3f0!3m2!1i1024!2i768!4f13.1!3m3!1m2!1s0x0%3A0xa4a00942bd2f87d5!2sI+Gerani!5e0!3m2!1sit!2sit!4v1467445986560\" width=\"100%\" height=\"450\" frameborder=\"0\" allowfullscreen=\"allowfullscreen\"><\/iframe><\/p>","protected":false},"excerpt":{"rendered":"<p>MAPA Estamos en POSADA en la Prov. de Nuoro Daniela Borsatto Can\u00fa V\u00eda G. Mameli 46 08020 POSADA (NU) tel\u00e9fono 0784445252 c\u00e9lula. +39 3482604052 bb.igerani@tiscali.it annalisacanu@tiscali.it &nbsp; C\u00d3MO ENCONTRARNOS desde CAGLIARI \/ ORISTANO: tome la 131 carlo felice hasta el<\/p>\n","protected":false},"author":1,"featured_media":0,"parent":0,"menu_order":0,"comment_status":"closed","ping_status":"closed","template":"","meta":[],"yoast_head":"<!-- This site is optimized with the Yoast SEO plugin v19.0 - https:\/\/yoast.com\/wordpress\/plugins\/seo\/ -->\r\n<title>Mappa - I Gerani Bed and Breakfast<\/title>\r\n<meta name=\"robots\" content=\"index, follow, max-snippet:-1, max-image-preview:large, max-video-preview:-1\" \/>\r\n<link rel=\"canonical\" href=\"http:\/\/www.igeranibb.it\/es\/mappa\/\" \/>\r\n<meta property=\"og:locale\" content=\"es_ES\" \/>\r\n<meta property=\"og:type\" content=\"article\" \/>\r\n<meta property=\"og:title\" content=\"Mappa - I Gerani Bed and Breakfast\" \/>\r\n<meta property=\"og:description\" content=\"MAPA Estamos en POSADA en la Prov. de Nuoro Daniela Borsatto Can\u00fa V\u00eda G. Mameli 46 08020 POSADA (NU) tel\u00e9fono 0784445252 c\u00e9lula. +39 3482604052 bb.igerani@tiscali.it annalisacanu@tiscali.it &nbsp; C\u00d3MO ENCONTRARNOS desde CAGLIARI \/ ORISTANO: tome la 131 carlo felice hasta el\" \/>\r\n<meta property=\"og:url\" content=\"http:\/\/www.igeranibb.it\/es\/mappa\/\" \/>\r\n<meta property=\"og:site_name\" content=\"I Gerani Bed and Breakfast\" \/>\r\n<meta property=\"article:publisher\" content=\"https:\/\/www.facebook.com\/BB-I-GERANI-di-Posada-Sardegna-142974362460558\/?fref=ts\" \/>\r\n<meta property=\"article:modified_time\" content=\"2022-06-07T15:05:37+00:00\" \/>\r\n<meta property=\"og:image\" content=\"http:\/\/www.igeranibb.it\/public\/wp-content\/uploads\/2016\/06\/1a_beb1.jpg\" \/>\r\n<meta name=\"twitter:card\" content=\"summary\" \/>\r\n<meta name=\"twitter:label1\" content=\"Tiempo de lectura\" \/>\n\t<meta name=\"twitter:data1\" content=\"2 minutos\" \/>\r\n<script type=\"application\/ld+json\" class=\"yoast-schema-graph\">{\"@context\":\"https:\/\/schema.org\",\"@graph\":[{\"@type\":\"WebSite\",\"@id\":\"http:\/\/www.igeranibb.it\/es\/#website\",\"url\":\"http:\/\/www.igeranibb.it\/es\/\",\"name\":\"I Gerani Bed and Breakfast\",\"description\":\"\",\"potentialAction\":[{\"@type\":\"SearchAction\",\"target\":{\"@type\":\"EntryPoint\",\"urlTemplate\":\"http:\/\/www.igeranibb.it\/es\/?s={search_term_string}\"},\"query-input\":\"required name=search_term_string\"}],\"inLanguage\":\"es\"},{\"@type\":\"WebPage\",\"@id\":\"http:\/\/www.igeranibb.it\/es\/mappa\/#webpage\",\"url\":\"http:\/\/www.igeranibb.it\/es\/mappa\/\",\"name\":\"Mappa - I Gerani Bed and Breakfast\",\"isPartOf\":{\"@id\":\"http:\/\/www.igeranibb.it\/es\/#website\"},\"datePublished\":\"2016-06-28T17:41:29+00:00\",\"dateModified\":\"2022-06-07T15:05:37+00:00\",\"breadcrumb\":{\"@id\":\"http:\/\/www.igeranibb.it\/es\/mappa\/#breadcrumb\"},\"inLanguage\":\"es\",\"potentialAction\":[{\"@type\":\"ReadAction\",\"target\":[[\"http:\/\/www.igeranibb.it\/es\/mappa\/\"]]}]},{\"@type\":\"BreadcrumbList\",\"@id\":\"http:\/\/www.igeranibb.it\/es\/mappa\/#breadcrumb\",\"itemListElement\":[{\"@type\":\"ListItem\",\"position\":1,\"name\":\"Home\",\"item\":\"http:\/\/www.igeranibb.it\/es\/\"},{\"@type\":\"ListItem\",\"position\":2,\"name\":\"Mappa\"}]}]}<\/script>\r\n<!-- \/ Yoast SEO plugin. -->","yoast_head_json":{"title":"Mappa - I Gerani Bed and Breakfast","robots":{"index":"index","follow":"follow","max-snippet":"max-snippet:-1","max-image-preview":"max-image-preview:large","max-video-preview":"max-video-preview:-1"},"canonical":"http:\/\/www.igeranibb.it\/es\/mappa\/","og_locale":"es_ES","og_type":"article","og_title":"Mappa - I Gerani Bed and Breakfast","og_description":"MAPA Estamos en POSADA en la Prov. de Nuoro Daniela Borsatto Can\u00fa V\u00eda G. Mameli 46 08020 POSADA (NU) tel\u00e9fono 0784445252 c\u00e9lula. +39 3482604052 bb.igerani@tiscali.it annalisacanu@tiscali.it &nbsp; C\u00d3MO ENCONTRARNOS desde CAGLIARI \/ ORISTANO: tome la 131 carlo felice hasta el","og_url":"http:\/\/www.igeranibb.it\/es\/mappa\/","og_site_name":"I Gerani Bed and Breakfast","article_publisher":"https:\/\/www.facebook.com\/BB-I-GERANI-di-Posada-Sardegna-142974362460558\/?fref=ts","article_modified_time":"2022-06-07T15:05:37+00:00","og_image":[{"url":"http:\/\/www.igeranibb.it\/public\/wp-content\/uploads\/2016\/06\/1a_beb1.jpg"}],"twitter_card":"summary","twitter_misc":{"Tiempo de lectura":"2 minutos"},"schema":{"@context":"https:\/\/schema.org","@graph":[{"@type":"WebSite","@id":"http:\/\/www.igeranibb.it\/es\/#website","url":"http:\/\/www.igeranibb.it\/es\/","name":"I Gerani Bed and Breakfast","description":"","potentialAction":[{"@type":"SearchAction","target":{"@type":"EntryPoint","urlTemplate":"http:\/\/www.igeranibb.it\/es\/?s={search_term_string}"},"query-input":"required name=search_term_string"}],"inLanguage":"es"},{"@type":"WebPage","@id":"http:\/\/www.igeranibb.it\/es\/mappa\/#webpage","url":"http:\/\/www.igeranibb.it\/es\/mappa\/","name":"Mappa - I Gerani Bed and Breakfast","isPartOf":{"@id":"http:\/\/www.igeranibb.it\/es\/#website"},"datePublished":"2016-06-28T17:41:29+00:00","dateModified":"2022-06-07T15:05:37+00:00","breadcrumb":{"@id":"http:\/\/www.igeranibb.it\/es\/mappa\/#breadcrumb"},"inLanguage":"es","potentialAction":[{"@type":"ReadAction","target":[["http:\/\/www.igeranibb.it\/es\/mappa\/"]]}]},{"@type":"BreadcrumbList","@id":"http:\/\/www.igeranibb.it\/es\/mappa\/#breadcrumb","itemListElement":[{"@type":"ListItem","position":1,"name":"Home","item":"http:\/\/www.igeranibb.it\/es\/"},{"@type":"ListItem","position":2,"name":"Mappa"}]}]}},"_links":{"self":[{"href":"http:\/\/www.igeranibb.it\/es\/wp-json\/wp\/v2\/pages\/140"}],"collection":[{"href":"http:\/\/www.igeranibb.it\/es\/wp-json\/wp\/v2\/pages"}],"about":[{"href":"http:\/\/www.igeranibb.it\/es\/wp-json\/wp\/v2\/types\/page"}],"author":[{"embeddable":true,"href":"http:\/\/www.igeranibb.it\/es\/wp-json\/wp\/v2\/users\/1"}],"replies":[{"embeddable":true,"href":"http:\/\/www.igeranibb.it\/es\/wp-json\/wp\/v2\/comments?post=140"}],"version-history":[{"count":7,"href":"http:\/\/www.igeranibb.it\/es\/wp-json\/wp\/v2\/pages\/140\/revisions"}],"predecessor-version":[{"id":4904,"href":"http:\/\/www.igeranibb.it\/es\/wp-json\/wp\/v2\/pages\/140\/revisions\/4904"}],"wp:attachment":[{"href":"http:\/\/www.igeranibb.it\/es\/wp-json\/wp\/v2\/media?parent=140"}],"curies":[{"name":"wp","href":"https:\/\/api.w.org\/{rel}","templated":true}]}}